{"id":41,"date":"2022-06-10T11:48:01","date_gmt":"2022-06-10T14:48:01","guid":{"rendered":"http:\/\/54.39.246.205\/~powercon\/site\/?page_id=41"},"modified":"2024-06-03T19:22:04","modified_gmt":"2024-06-03T22:22:04","slug":"declaracoes","status":"publish","type":"page","link":"https:\/\/powerconsult.com.br\/site\/declaracoes\/","title":{"rendered":"Declara\u00e7\u00f5es"},"content":{"rendered":"\t\t<div data-elementor-type=\"wp-page\" data-elementor-id=\"41\" class=\"elementor elementor-41\">\n\t\t\t\t\t\t<section class=\"elementor-section elementor-top-section elementor-element elementor-element-81336b8 elementor-section-full_width elementor-section-height-default elementor-section-height-default\" data-id=\"81336b8\" data-element_type=\"section\" data-e-type=\"section\">\n\t\t\t\t\t\t<div class=\"elementor-container elementor-column-gap-no\">\n\t\t\t\t\t<div class=\"elementor-column elementor-col-100 elementor-top-column elementor-element elementor-element-d92ff78\" data-id=\"d92ff78\" data-element_type=\"column\" data-e-type=\"column\">\n\t\t\t<div class=\"elementor-widget-wrap elementor-element-populated\">\n\t\t\t\t\t\t<div class=\"elementor-element elementor-element-5255d93 elementor-widget elementor-widget-spacer\" data-id=\"5255d93\" data-element_type=\"widget\" data-e-type=\"widget\" data-widget_type=\"spacer.default\">\n\t\t\t\t<div class=\"elementor-widget-container\">\n\t\t\t\t\t\t\t<div class=\"elementor-spacer\">\n\t\t\t<div class=\"elementor-spacer-inner\"><\/div>\n\t\t<\/div>\n\t\t\t\t\t\t<\/div>\n\t\t\t\t<\/div>\n\t\t\t\t\t<\/div>\n\t\t<\/div>\n\t\t\t\t\t<\/div>\n\t\t<\/section>\n\t\t\t\t<section class=\"elementor-section elementor-top-section elementor-element elementor-element-345e34b elementor-section-boxed elementor-section-height-default elementor-section-height-default\" data-id=\"345e34b\" data-element_type=\"section\" data-e-type=\"section\">\n\t\t\t\t\t\t<div class=\"elementor-container elementor-column-gap-default\">\n\t\t\t\t\t<div class=\"elementor-column elementor-col-100 elementor-top-column elementor-element elementor-element-c917e59\" data-id=\"c917e59\" data-element_type=\"column\" data-e-type=\"column\">\n\t\t\t<div class=\"elementor-widget-wrap elementor-element-populated\">\n\t\t\t\t\t\t<div class=\"elementor-element elementor-element-d733f25 elementor-widget elementor-widget-text-editor\" data-id=\"d733f25\" data-element_type=\"widget\" data-e-type=\"widget\" data-widget_type=\"text-editor.default\">\n\t\t\t\t<div class=\"elementor-widget-container\">\n\t\t\t\t\t\t\t\t\t<h4>Abaixo, disponibilizamos as declara\u00e7\u00f5es das empresas que prestamos servi\u00e7os em formato PDF para visualiza\u00e7\u00e3o do conte\u00fado das mesmas.<strong><br \/><\/strong><\/h4><ul><li><h4><a href=\"http:\/\/powerconsult.com.br\/site\/wp-content\/uploads\/2016\/06\/DECL-ABB-NNE.pdf\" target=\"_blank\" rel=\"noopener\"><strong>ABB Ltda.<\/strong><\/a>\u00a0\u2013 (Estudos para o 3o circuito da Interliga\u00e7\u00e3o\u00a0 Norte \u2013 Nordeste)<\/h4><\/li><li><h4><a href=\"https:\/\/powerconsult.com.br\/site\/wp-content\/uploads\/2016\/06\/aab-ute.pdf\" target=\"_blank\" rel=\"noopener\"><strong>ABB Ltda.<\/strong><\/a>\u00a0\u2013 (Defini\u00e7\u00e3o dos Pre\u00e7os da Energia Produzida por Usinas Termel\u00e9tricas)<\/h4><\/li><li><h4><a href=\"http:\/\/powerconsult.com.br\/site\/wp-content\/uploads\/2016\/06\/DECL-ABB-Ibiuna.pdf\" target=\"_blank\" rel=\"noopener\"><strong>ABB Ltda.<\/strong><\/a>\u00a0\u2013 (Estudos para a\u00a0 Linha de Transmiss\u00e3o Ibi\u00fana \u2013 Bateias 500 kV)<\/h4><\/li><li><h4><a href=\"http:\/\/powerconsult.com.br\/site\/wp-content\/uploads\/2016\/06\/Decl-ABB-PRO.pdf\" target=\"_blank\" rel=\"noopener\"><strong>ABB Ltda.<\/strong><\/a>\u00a0\u2013 (Estudos de Prote\u00e7\u00e3o para as Linhas\u00a0 de Transmiss\u00e3o Tucurui \u2013 Marab\u00e1, Marab\u00e1 \u2013 A\u00e7ail\u00e2ndia, A\u00e7ail\u00e2ndia \u2013 Imperatriz e A\u00e7ail\u00e2ndia \u2013 Presidente Dutra 500 kV)<\/h4><\/li><li><h4><a href=\"http:\/\/powerconsult.com.br\/site\/wp-content\/uploads\/2016\/06\/Decl-aleph.pdf\" target=\"_blank\" rel=\"noopener\"><strong>Aleph Servi\u00e7os e Gest\u00e3o de Energia S\/C Ltda.<\/strong><\/a>\u00a0\u2013 (Estudos para a Interliga\u00e7\u00e3o Norte-Sul II 500 kV)<\/h4><\/li><li><h4><a href=\"https:\/\/powerconsult.com.br\/site\/wp-content\/uploads\/2016\/06\/Amaz%C3%B4nia-Eletronorte.pdf\" target=\"_blank\" rel=\"noopener\"><strong>AMAZ\u00d4NIA \u2013 ELETRONORTE\u00a0 TRANSMISSORA DE ENERGIA S.A.<\/strong><\/a>\u00a0\u2013 (Estudos para as Linhas de Transmiss\u00e3o de 230 kV Coxip\u00f3 \u2013 Cuiab\u00e1, Circuito Duplo\u00a0 e Cuiab\u00e1 \u2013 Rondon\u00f3polis,\u00a0 Circuito Simples)<\/h4><\/li><li><h4><a href=\"https:\/\/powerconsult.com.br\/site\/wp-content\/uploads\/2016\/06\/Camargo-Corr%C3%AAa.pdf\" target=\"_blank\" rel=\"noopener\"><strong>Constru\u00e7\u00f5es e Com\u00e9rcio CAMARGO CORREA<\/strong><\/a>\u00a0\u2013 (Estudos para o Sistema de Aterramento das Unidades Geradoras da UHE de Castro Alves)<\/h4><\/li><li><h4><a href=\"http:\/\/powerconsult.com.br\/site\/wp-content\/uploads\/2016\/06\/Ecte.pdf\" target=\"_blank\" rel=\"noopener\"><strong>ECTE<\/strong><\/a>\u00a0\u2013 Empresa Catarinense de Transmiss\u00e3o de Energia \u2013 (Estudos para o T\u00e9rmino das Restri\u00e7\u00f5es Operativas na Energiza\u00e7\u00e3o do 3 o Autotransformador 525\/230\/13,8 kV da SE Blumenau)<\/h4><\/li><li><h4><a href=\"http:\/\/powerconsult.com.br\/site\/wp-content\/uploads\/2016\/06\/Ente.pdf\" target=\"_blank\" rel=\"noopener\"><strong>ENTE<\/strong><\/a>\u00a0\u2013 Empresa Norte de Transmiss\u00e3o de Energia \u2013 (Estudos para o 4 o Circuito da Interliga\u00e7\u00e3o Norte \u2013 Nordeste)<\/h4><\/li><li><h4><a href=\"http:\/\/powerconsult.com.br\/site\/wp-content\/uploads\/2016\/06\/Erte.pdf\" target=\"_blank\" rel=\"noopener\"><strong>ERTE<\/strong><\/a><strong>\u00a0<\/strong>\u2013 Empresa Regional de Transmiss\u00e3o de Energia \u2013 (Estudos para linha de transmiss\u00e3o Vila do Conde \u2013 Santa Maria 230 kV)<\/h4><\/li><li><h4><strong><a href=\"http:\/\/powerconsult.com.br\/site\/wp-content\/uploads\/2016\/06\/Schahin.pdf\" target=\"_blank\" rel=\"noopener\">SCHAHIN Engenharia Ltda.<\/a>\u00a0<\/strong>\u00a0\u2013 (Estudos de Transit\u00f3rios Eletromagn\u00e9ticos para a Linha de Transmiss\u00e3o Campos Novos \u2013 Blumenau C2 via Bigua\u00e7u 525 kV)<\/h4><\/li><li><h4><a href=\"https:\/\/powerconsult.com.br\/site\/wp-content\/uploads\/2016\/06\/CERQualidade-de-Energia.pdf\" target=\"_blank\" rel=\"noopener\"><strong>CER\u00a0<\/strong><\/a>\u2013 (Estudos Pr\u00e9-Operacionais para as E\u00f3licas Assuru\u00e1 II, V e VII \u2013 Qualidade de Energia)<\/h4><\/li><li><h4><a href=\"https:\/\/powerconsult.com.br\/site\/wp-content\/uploads\/2016\/06\/CERTransit%C3%B3rios-Eletromagn%C3%A9ticos.pdf\" target=\"_blank\" rel=\"noopener\"><strong>CER\u00a0<\/strong><\/a>\u2013 (Estudos Pr\u00e9-Operacionais para as E\u00f3licas Assuru\u00e1 II, V e VII \u2013 Transit\u00f3rios Eletromagn\u00e9ticos)<\/h4><\/li><li><h4><a href=\"http:\/\/powerconsult.com.br\/site\/wp-content\/uploads\/2016\/06\/Atestado-R2-VENTOS.pdf\" target=\"_blank\" rel=\"noopener\"><strong>VENTOS TECNOLOGIA\u00a0<\/strong><\/a>\u2013 (Relat\u00f3rio R2)<\/h4><\/li><li><h4><a href=\"http:\/\/powerconsult.com.br\/site\/wp-content\/uploads\/2016\/06\/Atestado-R3-VENTOS.pdf\" target=\"_blank\" rel=\"noopener\"><strong>VENTOS TECNOLOGIA\u00a0<\/strong><\/a>\u2013 (Relat\u00f3rio R3)<\/h4><\/li><li><h4><a href=\"http:\/\/powerconsult.com.br\/site\/wp-content\/uploads\/2016\/06\/Atestado-R2-ENERGIA-DOS-VENTOS.pdf\" target=\"_blank\" rel=\"noopener\"><strong>ENERGIA DOS VENTOS\u00a0<\/strong><\/a>\u2013 (Relat\u00f3rio R2)<\/h4><\/li><li><h4><a href=\"http:\/\/powerconsult.com.br\/site\/wp-content\/uploads\/2016\/06\/Atestado-R3-ENERGIA-DOS-VENTOS.pdf\" target=\"_blank\" rel=\"noopener\"><strong>ENERGIA DOS VENTOS\u00a0<\/strong><\/a>\u2013 (Relat\u00f3rio R3)<\/h4><\/li><li><h4><a href=\"http:\/\/powerconsult.com.br\/site\/wp-content\/uploads\/2016\/06\/Atestado-LEME.pdf\" target=\"_blank\" rel=\"noopener\"><strong>LEME ENGENHARIA\u00a0<\/strong><\/a>\u2013 (Estudos do Projeto B\u00e1sico \u2013 Lote A Leil\u00e3o 05\/2016 da ANEEL)<\/h4><\/li><\/ul>\t\t\t\t\t\t\t\t<\/div>\n\t\t\t\t<\/div>\n\t\t\t\t<div class=\"elementor-element elementor-element-f80f858 elementor-widget elementor-widget-spacer\" data-id=\"f80f858\" data-element_type=\"widget\" data-e-type=\"widget\" data-widget_type=\"spacer.default\">\n\t\t\t\t<div class=\"elementor-widget-container\">\n\t\t\t\t\t\t\t<div class=\"elementor-spacer\">\n\t\t\t<div class=\"elementor-spacer-inner\"><\/div>\n\t\t<\/div>\n\t\t\t\t\t\t<\/div>\n\t\t\t\t<\/div>\n\t\t\t\t\t<\/div>\n\t\t<\/div>\n\t\t\t\t\t<\/div>\n\t\t<\/section>\n\t\t\t\t<section class=\"elementor-section elementor-top-section elementor-element elementor-element-6d82859 elementor-hidden-desktop elementor-hidden-tablet elementor-hidden-mobile elementor-section-boxed elementor-section-height-default elementor-section-height-default\" data-id=\"6d82859\" data-element_type=\"section\" data-e-type=\"section\">\n\t\t\t\t\t\t<div class=\"elementor-container elementor-column-gap-default\">\n\t\t\t\t\t<div class=\"elementor-column elementor-col-100 elementor-top-column elementor-element elementor-element-6fd8348\" data-id=\"6fd8348\" data-element_type=\"column\" data-e-type=\"column\">\n\t\t\t<div class=\"elementor-widget-wrap elementor-element-populated\">\n\t\t\t\t\t\t<div class=\"elementor-element elementor-element-9c4b3ff elementor-widget elementor-widget-text-editor\" data-id=\"9c4b3ff\" data-element_type=\"widget\" data-e-type=\"widget\" data-widget_type=\"text-editor.default\">\n\t\t\t\t<div class=\"elementor-widget-container\">\n\t\t\t\t\t\t\t\t\t<h4>The Declarations of the companies that POWERCONSULT provides services are presented below\u00a0 in PDF format for viewing the contents thereof.<strong><br \/><\/strong><\/h4><ul><li><h4><a href=\"http:\/\/powerconsult.com.br\/site\/wp-content\/uploads\/2016\/06\/DECL-ABB-NNE.pdf\"><strong>ABB Ltda.<\/strong><\/a>\u00a0\u2013 (North \u2013 Northeast Interconnection \u2013 3rd circuit Studies)<\/h4><\/li><li><h4><a href=\"http:\/\/powerconsult.com.br\/site\/wp-content\/uploads\/2016\/06\/DECLARAC%CC%A7A%CC%83O-ABB-UTE.pdf\"><strong>ABB Ltda.<\/strong><\/a>\u00a0\u2013 (Definition of the Final Prices of the Produced Energy by Thermoelectric Plants)<\/h4><\/li><li><h4><a href=\"http:\/\/powerconsult.com.br\/site\/wp-content\/uploads\/2016\/06\/DECL-ABB-Ibiuna.pdf\"><strong>ABB Ltda.<\/strong><\/a>\u00a0\u2013 (500 kV Ibi\u00fana \u2013 Bateias Estudos Transmission Line Study)<\/h4><\/li><li><h4><a href=\"http:\/\/powerconsult.com.br\/site\/wp-content\/uploads\/2016\/06\/Decl-ABB-PRO.pdf\"><strong>ABB Ltda.<\/strong><\/a>\u00a0\u2013 (Protection Studies for the 500 kV Tucurui \u2013 Marab\u00e1, Marab\u00e1 \u2013 A\u00e7ail\u00e2ndia, A\u00e7ail\u00e2ndia \u2013 Imperatriz and A\u00e7ail\u00e2ndia \u2013 Presidente Dutra Transmission Lines)<\/h4><\/li><li><h4><a href=\"http:\/\/powerconsult.com.br\/site\/wp-content\/uploads\/2016\/06\/Decl-aleph.pdf\"><strong>Aleph Servi\u00e7os e Gest\u00e3o de Energia S\/C Ltda.<\/strong><\/a>\u00a0\u2013 (500 kV North \u2013 South II Interconnection Studies)<\/h4><\/li><li><h4><a href=\"http:\/\/powerconsult.com.br\/site\/wp-content\/uploads\/2016\/06\/Amazo%CC%82nia-Eletronorte.pdf\"><strong>AMAZ\u00d4NIA \u2013 ELETRONORTE\u00a0 TRANSMISSORA DE ENERGIA S.A.<\/strong><\/a>\u00a0\u2013 (230 kV Coxip\u00f3 \u2013 Cuiab\u00e1, Double Circuit,\u00a0 and Cuiab\u00e1 \u2013 Rondon\u00f3polis,\u00a0 Single Circuit, Transmission Lines Studies)<\/h4><\/li><li><h4><a href=\"http:\/\/powerconsult.com.br\/site\/wp-content\/uploads\/2016\/06\/Camargo-Corre%CC%82a.pdf\"><strong>Constru\u00e7\u00f5es e Com\u00e9rcio CAMARGO CORREA<\/strong><\/a>\u00a0\u2013 (S<em>tudies involving the Grounding System of the Hydroelectric Generating Units of UHE Castro Alves<\/em>)<\/h4><\/li><li><h4><a href=\"http:\/\/powerconsult.com.br\/site\/wp-content\/uploads\/2016\/06\/Ecte.pdf\"><strong>ECTE<\/strong><\/a>\u00a0\u2013 Empresa Catarinense de Transmiss\u00e3o de Energia \u2013 (Studies to Finish with the Operational Restrictions in the Energization of the 3rd 525\/230\/13,8 kV Autotransformer of Blumenau Substation)<\/h4><\/li><li><h4><a href=\"http:\/\/powerconsult.com.br\/site\/wp-content\/uploads\/2016\/06\/Ente.pdf\"><strong>ENTE<\/strong><\/a>\u00a0\u2013 Empresa Norte de Transmiss\u00e3o de Energia \u2013 (Studies for the Fourth Circuit of the North-Northeast Interconnection)<\/h4><\/li><li><h4><a href=\"http:\/\/powerconsult.com.br\/site\/wp-content\/uploads\/2016\/06\/Erte.pdf\"><strong>ERTE<\/strong><\/a><strong>\u00a0<\/strong>\u2013 Empresa Regional de Transmiss\u00e3o de Energia \u2013 (Studies for the 230 kV Vila do Conde \u2013 Santa Maria Transmission Line)<\/h4><\/li><li><h4><strong><a href=\"http:\/\/powerconsult.com.br\/site\/wp-content\/uploads\/2016\/06\/Schahin.pdf\">SCHAHIN Engenharia Ltda.<\/a>\u00a0<\/strong>\u00a0\u2013 (Electromagnetic Transients studies for the 525 kV Campos Novos \u2013 Blumenau\/Bigua\u00e7u C2, Transmission Line)<\/h4><\/li><li><h4><a href=\"http:\/\/powerconsult.com.br\/site\/wp-content\/uploads\/2016\/06\/Atestados-CER-Pre%CC%81-Operacionais-%E2%80%93-Qualidade-de-Energia.pdf\"><strong>CER\u00a0<\/strong><\/a>\u2013 (Pre-Operational Studies for the Assuru\u00e1 II, V and VII Wind Power Plants \u2013 Energy Quality Studies)<\/h4><\/li><li><h4><a href=\"http:\/\/powerconsult.com.br\/site\/wp-content\/uploads\/2016\/06\/Atestados-CER-Pre%CC%81-Operacionais-%E2%80%93-Transito%CC%81rios-Eletromagne%CC%81ticos.pdf\"><strong>CER\u00a0<\/strong><\/a>\u2013 (Pre-Operational Studies for the Assuru\u00e1 II, V and VII Wind Power Plants \u2013 Eletromagnetic Transient Studies)<\/h4><\/li><li><h4><a href=\"http:\/\/powerconsult.com.br\/site\/wp-content\/uploads\/2016\/06\/Atestado-R2-VENTOS.pdf\"><strong>VENTOS TECNOLOGIA\u00a0<\/strong><\/a>\u2013 (R2 Report)<\/h4><\/li><li><h4><a href=\"http:\/\/powerconsult.com.br\/site\/wp-content\/uploads\/2016\/06\/Atestado-R3-VENTOS.pdf\"><strong>VENTOS TECNOLOGIA\u00a0<\/strong><\/a>\u2013 (R3 Report)<\/h4><\/li><li><h4><a href=\"http:\/\/powerconsult.com.br\/site\/wp-content\/uploads\/2016\/06\/Atestado-R2-ENERGIA-DOS-VENTOS.pdf\"><strong>ENERGIA DOS VENTOS\u00a0<\/strong><\/a>\u2013 (R2 Report)<\/h4><\/li><li><h4><a href=\"http:\/\/powerconsult.com.br\/site\/wp-content\/uploads\/2016\/06\/Atestado-R3-ENERGIA-DOS-VENTOS.pdf\"><strong>ENERGIA DOS VENTOS\u00a0<\/strong><\/a>\u2013 (R3 Report)<\/h4><\/li><li><h4><a href=\"http:\/\/powerconsult.com.br\/site\/wp-content\/uploads\/2016\/06\/Atestado-LEME.pdf\"><strong>LEME ENGENHARIA\u00a0<\/strong><\/a>\u2013 (Basic Design Studies \u2013 Lot A \u2013 Auction ANEEL 05\/2016)<\/h4><\/li><\/ul>\t\t\t\t\t\t\t\t<\/div>\n\t\t\t\t<\/div>\n\t\t\t\t<div class=\"elementor-element elementor-element-644307f elementor-widget elementor-widget-spacer\" data-id=\"644307f\" data-element_type=\"widget\" data-e-type=\"widget\" data-widget_type=\"spacer.default\">\n\t\t\t\t<div class=\"elementor-widget-container\">\n\t\t\t\t\t\t\t<div class=\"elementor-spacer\">\n\t\t\t<div class=\"elementor-spacer-inner\"><\/div>\n\t\t<\/div>\n\t\t\t\t\t\t<\/div>\n\t\t\t\t<\/div>\n\t\t\t\t\t<\/div>\n\t\t<\/div>\n\t\t\t\t\t<\/div>\n\t\t<\/section>\n\t\t\t\t<\/div>\n\t\t","protected":false},"excerpt":{"rendered":"<p>Abaixo, disponibilizamos as declara\u00e7\u00f5es das empresas que prestamos servi\u00e7os em formato PDF para visualiza\u00e7\u00e3o do conte\u00fado das mesmas. ABB Ltda.\u00a0\u2013 (Estudos para o 3o circuito da Interliga\u00e7\u00e3o\u00a0 Norte \u2013 Nordeste) ABB Ltda.\u00a0\u2013 (Defini\u00e7\u00e3o dos Pre\u00e7os da Energia Produzida por Usinas Termel\u00e9tricas) ABB Ltda.\u00a0\u2013 (Estudos para a\u00a0 Linha de Transmiss\u00e3o Ibi\u00fana&#8230;<\/p>\n","protected":false},"author":1,"featured_media":282,"parent":0,"menu_order":0,"comment_status":"closed","ping_status":"closed","template":"elementor_header_footer","meta":{"_joinchat":[],"footnotes":""},"class_list":["post-41","page","type-page","status-publish","has-post-thumbnail","hentry"],"aioseo_notices":[],"_links":{"self":[{"href":"https:\/\/powerconsult.com.br\/site\/wp-json\/wp\/v2\/pages\/41","targetHints":{"allow":["GET"]}}],"collection":[{"href":"https:\/\/powerconsult.com.br\/site\/wp-json\/wp\/v2\/pages"}],"about":[{"href":"https:\/\/powerconsult.com.br\/site\/wp-json\/wp\/v2\/types\/page"}],"author":[{"embeddable":true,"href":"https:\/\/powerconsult.com.br\/site\/wp-json\/wp\/v2\/users\/1"}],"replies":[{"embeddable":true,"href":"https:\/\/powerconsult.com.br\/site\/wp-json\/wp\/v2\/comments?post=41"}],"version-history":[{"count":48,"href":"https:\/\/powerconsult.com.br\/site\/wp-json\/wp\/v2\/pages\/41\/revisions"}],"predecessor-version":[{"id":1503,"href":"https:\/\/powerconsult.com.br\/site\/wp-json\/wp\/v2\/pages\/41\/revisions\/1503"}],"wp:featuredmedia":[{"embeddable":true,"href":"https:\/\/powerconsult.com.br\/site\/wp-json\/wp\/v2\/media\/282"}],"wp:attachment":[{"href":"https:\/\/powerconsult.com.br\/site\/wp-json\/wp\/v2\/media?parent=41"}],"curies":[{"name":"wp","href":"https:\/\/api.w.org\/{rel}","templated":true}]}}