{"id":33,"date":"2022-06-10T11:47:22","date_gmt":"2022-06-10T14:47:22","guid":{"rendered":"http:\/\/54.39.246.205\/~powercon\/site\/?page_id=33"},"modified":"2024-06-06T12:29:11","modified_gmt":"2024-06-06T15:29:11","slug":"clientes-2","status":"publish","type":"page","link":"https:\/\/powerconsult.com.br\/site\/clientes-2\/","title":{"rendered":"Clientes"},"content":{"rendered":"\t\t<div data-elementor-type=\"wp-page\" data-elementor-id=\"33\" class=\"elementor elementor-33\">\n\t\t\t\t\t\t<section class=\"elementor-section elementor-top-section elementor-element elementor-element-212132a elementor-section-full_width elementor-section-height-default elementor-section-height-default\" data-id=\"212132a\" data-element_type=\"section\" data-e-type=\"section\">\n\t\t\t\t\t\t<div class=\"elementor-container elementor-column-gap-no\">\n\t\t\t\t\t<div class=\"elementor-column elementor-col-100 elementor-top-column elementor-element elementor-element-878c91f\" data-id=\"878c91f\" data-element_type=\"column\" data-e-type=\"column\">\n\t\t\t<div class=\"elementor-widget-wrap\">\n\t\t\t\t\t\t\t<\/div>\n\t\t<\/div>\n\t\t\t\t\t<\/div>\n\t\t<\/section>\n\t\t\t\t<section class=\"elementor-section elementor-top-section elementor-element elementor-element-1c1be91 elementor-section-boxed elementor-section-height-default elementor-section-height-default\" data-id=\"1c1be91\" data-element_type=\"section\" data-e-type=\"section\">\n\t\t\t\t\t\t<div class=\"elementor-container elementor-column-gap-default\">\n\t\t\t\t\t<div class=\"elementor-column elementor-col-100 elementor-top-column elementor-element elementor-element-58e2984\" data-id=\"58e2984\" data-element_type=\"column\" data-e-type=\"column\">\n\t\t\t<div class=\"elementor-widget-wrap elementor-element-populated\">\n\t\t\t\t\t\t<div class=\"elementor-element elementor-element-2a5d4a5 elementor-widget elementor-widget-spacer\" data-id=\"2a5d4a5\" data-element_type=\"widget\" data-e-type=\"widget\" data-widget_type=\"spacer.default\">\n\t\t\t\t<div class=\"elementor-widget-container\">\n\t\t\t\t\t\t\t<div class=\"elementor-spacer\">\n\t\t\t<div class=\"elementor-spacer-inner\"><\/div>\n\t\t<\/div>\n\t\t\t\t\t\t<\/div>\n\t\t\t\t<\/div>\n\t\t\t\t<div class=\"elementor-element elementor-element-bdb9763 elementor-widget elementor-widget-image\" data-id=\"bdb9763\" data-element_type=\"widget\" data-e-type=\"widget\" data-widget_type=\"image.default\">\n\t\t\t\t<div class=\"elementor-widget-container\">\n\t\t\t\t\t\t\t\t\t\t\t\t\t\t\t<img fetchpriority=\"high\" decoding=\"async\" width=\"900\" height=\"1454\" src=\"https:\/\/powerconsult.com.br\/site\/wp-content\/uploads\/2024\/06\/logos.jpg\" class=\"attachment-full size-full wp-image-1574\" alt=\"\" srcset=\"https:\/\/powerconsult.com.br\/site\/wp-content\/uploads\/2024\/06\/logos.jpg 900w, https:\/\/powerconsult.com.br\/site\/wp-content\/uploads\/2024\/06\/logos-186x300.jpg 186w, https:\/\/powerconsult.com.br\/site\/wp-content\/uploads\/2024\/06\/logos-634x1024.jpg 634w, https:\/\/powerconsult.com.br\/site\/wp-content\/uploads\/2024\/06\/logos-768x1241.jpg 768w\" sizes=\"(max-width: 900px) 100vw, 900px\" \/>\t\t\t\t\t\t\t\t\t\t\t\t\t\t\t<\/div>\n\t\t\t\t<\/div>\n\t\t\t\t<section class=\"elementor-section elementor-inner-section elementor-element elementor-element-47e4560 elementor-section-boxed elementor-section-height-default elementor-section-height-default\" data-id=\"47e4560\" data-element_type=\"section\" data-e-type=\"section\">\n\t\t\t\t\t\t<div class=\"elementor-container elementor-column-gap-default\">\n\t\t\t\t\t<div class=\"elementor-column elementor-col-100 elementor-inner-column elementor-element elementor-element-a19bda3\" data-id=\"a19bda3\" data-element_type=\"column\" data-e-type=\"column\">\n\t\t\t<div class=\"elementor-widget-wrap elementor-element-populated\">\n\t\t\t\t\t\t\t<\/div>\n\t\t<\/div>\n\t\t\t\t\t<\/div>\n\t\t<\/section>\n\t\t\t\t\t<\/div>\n\t\t<\/div>\n\t\t\t\t\t<\/div>\n\t\t<\/section>\n\t\t\t\t<section class=\"elementor-section elementor-top-section elementor-element elementor-element-58ba6ac elementor-section-boxed elementor-section-height-default elementor-section-height-default\" data-id=\"58ba6ac\" data-element_type=\"section\" data-e-type=\"section\">\n\t\t\t\t\t\t<div class=\"elementor-container elementor-column-gap-default\">\n\t\t\t\t\t<div class=\"elementor-column elementor-col-50 elementor-top-column elementor-element elementor-element-fabd79b\" data-id=\"fabd79b\" data-element_type=\"column\" data-e-type=\"column\">\n\t\t\t<div class=\"elementor-widget-wrap elementor-element-populated\">\n\t\t\t\t\t\t<div class=\"elementor-element elementor-element-f16513c elementor-widget elementor-widget-text-editor\" data-id=\"f16513c\" data-element_type=\"widget\" data-e-type=\"widget\" data-widget_type=\"text-editor.default\">\n\t\t\t\t<div class=\"elementor-widget-container\">\n\t\t\t\t\t\t\t\t\t<h4>ABB LTDA.<br \/>ABENGOA<br \/>ALEPH SERVI\u00c7OS E GEST\u00c3O DE ENERGIA S\/C LTDA<br \/>ALUSA \u2013 COMPANHIA T\u00c9CNICA DE ENGENHARIA EL\u00c9TRICA<br \/>AMAZ\u00d4NIA \u2013 ELETRONORTE TRANSMISSORA DE ENERGIA S.A.<br \/>ANDRADE &amp; CANELLAS ENERGIA<br \/>ANDRADE &amp;GUTIERREZ<br \/>ATL\u00c2NTICO CONCESSION\u00c1RIO DE TRANSMISS\u00c3O DE ENERGIA ELETRICA<br \/>BONS VENTOS<br \/>BRASIL TELECOM<br \/>CASA DOS VENTOS ENERGIAS RENOV\u00c1VEIS S.A.<br \/>CER COMPANHIA DE ENERGIAS RENOV\u00c1VEIS<br \/>COELBA<br \/>CONS\u00d3RCIO EMPREENDEDOR BAIXO IGUA\u00c7U<br \/>CONTOURGLOBAL LATAM<br \/>COOPFURNAS<br \/>CONSTRU\u00c7\u00d5ES E COM\u00c9RCIO CAMARGO CORREA<br \/>DAMP ELECTRIC<br \/>ECTE \u2013 EMPRESA CATARINENSE DE TRANSMISS\u00c3O DE ENERGIA<br \/>EDENA<br \/>EDP<br \/>ELETROSUL<br \/>ELETRONORTE<br \/>ENEL GREN POWER<br \/>ENERGIA DOS VENTOS<br \/>ENGEVIX<br \/>CYMI<br \/>ENGIE<br \/>CESI<br \/>ISA<\/h4>\t\t\t\t\t\t\t\t<\/div>\n\t\t\t\t<\/div>\n\t\t\t\t\t<\/div>\n\t\t<\/div>\n\t\t\t\t<div class=\"elementor-column elementor-col-50 elementor-top-column elementor-element elementor-element-a65f208\" data-id=\"a65f208\" data-element_type=\"column\" data-e-type=\"column\">\n\t\t\t<div class=\"elementor-widget-wrap elementor-element-populated\">\n\t\t\t\t\t\t<div class=\"elementor-element elementor-element-75ce4cd elementor-widget elementor-widget-text-editor\" data-id=\"75ce4cd\" data-element_type=\"widget\" data-e-type=\"widget\" data-widget_type=\"text-editor.default\">\n\t\t\t\t<div class=\"elementor-widget-container\">\n\t\t\t\t\t\t\t\t\t<h4>ENGEPRO<br \/>ENTE \u2013 EMPRESA NORTE DE TRANSMISS\u00c3O DE ENERGIA<br \/>ERTE \u2013 EMPRESA REGIONAL DE TRANSMISS\u00c3O DE ENERGIA<\/h4><h4><span style=\"font-size: 1.25rem;\">EXPANSION<br \/><\/span>FERROPORT<br \/>FGUP \u201cVO TECHNOPROMEXPORT\u201d<br \/>FURNAS<br \/>GRUPO JURUENA<br \/>IBERDROLA<br \/>INVESTCO<br \/>LEME ENGENHARIA<br \/>LLX<br \/>LM ENGENHARIA<br \/>MAGGI ENERGIA<br \/>MMX<br \/>MPX<br \/>NEOENERGIA<br \/>ODEBRECHT \u2013 CNO<br \/>\u00d4MEGA ENERGIA<br \/>OSX<br \/>RENOVA<br \/>SAMARCO<br \/>SCHAHIN ENGENHARIA EL\u00c9TRICA<br \/>SCHAHIN ENGENHARIA LTDA.<br \/>SERVTEC<br \/>STATE GRID<br \/>TAESA<br \/>TBENERGIA<br \/>VOLT\u00c1LIA<br \/>ENEVA<br \/>CEMIG<br \/>CELEO<\/h4>\t\t\t\t\t\t\t\t<\/div>\n\t\t\t\t<\/div>\n\t\t\t\t\t<\/div>\n\t\t<\/div>\n\t\t\t\t\t<\/div>\n\t\t<\/section>\n\t\t\t\t<\/div>\n\t\t","protected":false},"excerpt":{"rendered":"<p>ABB LTDA.ABENGOAALEPH SERVI\u00c7OS E GEST\u00c3O DE ENERGIA S\/C LTDAALUSA \u2013 COMPANHIA T\u00c9CNICA DE ENGENHARIA EL\u00c9TRICAAMAZ\u00d4NIA \u2013 ELETRONORTE TRANSMISSORA DE ENERGIA S.A.ANDRADE &amp; CANELLAS ENERGIAANDRADE &amp;GUTIERREZATL\u00c2NTICO CONCESSION\u00c1RIO DE TRANSMISS\u00c3O DE ENERGIA ELETRICABONS VENTOSBRASIL TELECOMCASA DOS VENTOS ENERGIAS RENOV\u00c1VEIS S.A.CER COMPANHIA DE ENERGIAS RENOV\u00c1VEISCOELBACONS\u00d3RCIO EMPREENDEDOR BAIXO IGUA\u00c7UCONTOURGLOBAL LATAMCOOPFURNASCONSTRU\u00c7\u00d5ES E COM\u00c9RCIO CAMARGO CORREADAMP&#8230;<\/p>\n","protected":false},"author":1,"featured_media":301,"parent":0,"menu_order":0,"comment_status":"closed","ping_status":"closed","template":"elementor_header_footer","meta":{"_joinchat":[],"footnotes":""},"class_list":["post-33","page","type-page","status-publish","has-post-thumbnail","hentry"],"aioseo_notices":[],"_links":{"self":[{"href":"https:\/\/powerconsult.com.br\/site\/wp-json\/wp\/v2\/pages\/33","targetHints":{"allow":["GET"]}}],"collection":[{"href":"https:\/\/powerconsult.com.br\/site\/wp-json\/wp\/v2\/pages"}],"about":[{"href":"https:\/\/powerconsult.com.br\/site\/wp-json\/wp\/v2\/types\/page"}],"author":[{"embeddable":true,"href":"https:\/\/powerconsult.com.br\/site\/wp-json\/wp\/v2\/users\/1"}],"replies":[{"embeddable":true,"href":"https:\/\/powerconsult.com.br\/site\/wp-json\/wp\/v2\/comments?post=33"}],"version-history":[{"count":28,"href":"https:\/\/powerconsult.com.br\/site\/wp-json\/wp\/v2\/pages\/33\/revisions"}],"predecessor-version":[{"id":1581,"href":"https:\/\/powerconsult.com.br\/site\/wp-json\/wp\/v2\/pages\/33\/revisions\/1581"}],"wp:featuredmedia":[{"embeddable":true,"href":"https:\/\/powerconsult.com.br\/site\/wp-json\/wp\/v2\/media\/301"}],"wp:attachment":[{"href":"https:\/\/powerconsult.com.br\/site\/wp-json\/wp\/v2\/media?parent=33"}],"curies":[{"name":"wp","href":"https:\/\/api.w.org\/{rel}","templated":true}]}}