{"id":31,"date":"2022-06-10T11:47:13","date_gmt":"2022-06-10T14:47:13","guid":{"rendered":"http:\/\/54.39.246.205\/~powercon\/site\/?page_id=31"},"modified":"2024-05-30T12:37:57","modified_gmt":"2024-05-30T15:37:57","slug":"capacitacao-2","status":"publish","type":"page","link":"https:\/\/powerconsult.com.br\/site\/capacitacao-2\/","title":{"rendered":"Capacita\u00e7\u00e3o"},"content":{"rendered":"\t\t<div data-elementor-type=\"wp-page\" data-elementor-id=\"31\" class=\"elementor elementor-31\">\n\t\t\t\t\t\t<section class=\"elementor-section elementor-top-section elementor-element elementor-element-5bf9648 elementor-section-full_width elementor-section-height-default elementor-section-height-default\" data-id=\"5bf9648\" data-element_type=\"section\" data-e-type=\"section\">\n\t\t\t\t\t\t<div class=\"elementor-container elementor-column-gap-no\">\n\t\t\t\t\t<div class=\"elementor-column elementor-col-100 elementor-top-column elementor-element elementor-element-8e1c149\" data-id=\"8e1c149\" data-element_type=\"column\" data-e-type=\"column\">\n\t\t\t<div class=\"elementor-widget-wrap\">\n\t\t\t\t\t\t\t<\/div>\n\t\t<\/div>\n\t\t\t\t\t<\/div>\n\t\t<\/section>\n\t\t\t\t<section class=\"elementor-section elementor-top-section elementor-element elementor-element-960bcf1 elementor-section-boxed elementor-section-height-default elementor-section-height-default\" data-id=\"960bcf1\" data-element_type=\"section\" data-e-type=\"section\">\n\t\t\t\t\t\t<div class=\"elementor-container elementor-column-gap-default\">\n\t\t\t\t\t<div class=\"elementor-column elementor-col-100 elementor-top-column elementor-element elementor-element-12f138a\" data-id=\"12f138a\" data-element_type=\"column\" data-e-type=\"column\">\n\t\t\t<div class=\"elementor-widget-wrap elementor-element-populated\">\n\t\t\t\t\t\t<div class=\"elementor-element elementor-element-ab9c9b4 elementor-widget elementor-widget-spacer\" data-id=\"ab9c9b4\" data-element_type=\"widget\" data-e-type=\"widget\" data-widget_type=\"spacer.default\">\n\t\t\t\t<div class=\"elementor-widget-container\">\n\t\t\t\t\t\t\t<div class=\"elementor-spacer\">\n\t\t\t<div class=\"elementor-spacer-inner\"><\/div>\n\t\t<\/div>\n\t\t\t\t\t\t<\/div>\n\t\t\t\t<\/div>\n\t\t\t\t<div class=\"elementor-element elementor-element-ff3eecf elementor-hidden-desktop elementor-hidden-tablet elementor-hidden-mobile elementor-widget elementor-widget-text-editor\" data-id=\"ff3eecf\" data-element_type=\"widget\" data-e-type=\"widget\" data-widget_type=\"text-editor.default\">\n\t\t\t\t<div class=\"elementor-widget-container\">\n\t\t\t\t\t\t\t\t\t<h4><strong>POWERCONSULT<\/strong>\u00a0works with a multi functional team qualified to develop a wide variety of studies and support on specific projects offering services with high quality and reliability at competitive costs.<\/h4><h4><strong>POWERCONSULT\u00a0<\/strong>has capacity and experience to perform the following activities:<\/h4><ul><li><h4><em>Development of business in the areas of generation, transmission, distribution and commercialization of electric energy.<\/em><\/h4><\/li><li><h4><em>Power sector market analysis (consumption, load growth, consumers) and energy planning (resources evaluation, dimensioning, and competitiveness).<\/em><\/h4><\/li><li><h4><em>Definition of the necessary basic information for the complete definition of the project, including technical, economical and financial feasibility studies for selected projects (cost\/benefit analysis).<\/em><\/h4><\/li><li><h4><em>Establishment of a management model that best fits the peculiar conditions of each project for the participation of the investor in bidding processes for Independent Power Production, concession bidding, consortia\/joint ventures and in assets to be privatized.\u00a0\u00a0<\/em><\/h4><\/li><li><h4><em>Support to concessions, authorizations, and regulatory approvals for the power plants and transmission lines construction and operation as required by the regulatory agencies, local utilities, environmental institutions, municipalities, state and government.<\/em><\/h4><\/li><li><h4><em>Elaboration of engineering studies in the areas of generation, transmission (also for HVAC and HVDC) and distribution, including: loadflow, load shedding, short circuit, stability, special protection schemes, insulation coordination, overvoltages, harmonics, control schemes modeling, power factor, wheeling, grounding etc.<\/em><\/h4><\/li><li><h4><em>Development of studies in the \u00e1rea of High Voltage Direct Current.<\/em><\/h4><\/li><li><h4><em>Development<\/em><em>\u00a0of\u00a0<\/em><em>Basic Design<\/em><em>\u00a0and\u00a0<\/em><em>Executive Design\u00a0<\/em><em>for\u00a0<\/em><em>transmission lines and substations.<\/em><\/h4><\/li><li><h4><em>Transmission line optimization with the use of compact towers and expanded bundle \u2013 concept of HSIL \u2013 High Surge Impedance Loading (Transmission Lines with High Natural Power and FEX \u2013 Expanded Bundle)<\/em><\/h4><\/li><li><h4><em>Development of social and environmental studies and research in general, studies and research required in environmental licensing procedures, studies and research required in archaeological licensing procedures, environmental project management (planning, construction and operation stages), coordination of multidisciplinary field teams and institutional management of licenses, permits and authorizations.<\/em><\/h4><\/li><li><h4><em>Training and development in technical and management areas to improve the performance of electrical companies.<\/em><\/h4><\/li><\/ul>\t\t\t\t\t\t\t\t<\/div>\n\t\t\t\t<\/div>\n\t\t\t\t<div class=\"elementor-element elementor-element-c4adce7 elementor-widget elementor-widget-spacer\" data-id=\"c4adce7\" data-element_type=\"widget\" data-e-type=\"widget\" data-widget_type=\"spacer.default\">\n\t\t\t\t<div class=\"elementor-widget-container\">\n\t\t\t\t\t\t\t<div class=\"elementor-spacer\">\n\t\t\t<div class=\"elementor-spacer-inner\"><\/div>\n\t\t<\/div>\n\t\t\t\t\t\t<\/div>\n\t\t\t\t<\/div>\n\t\t\t\t<div class=\"elementor-element elementor-element-4a4c732 elementor-widget elementor-widget-text-editor\" data-id=\"4a4c732\" data-element_type=\"widget\" data-e-type=\"widget\" data-widget_type=\"text-editor.default\">\n\t\t\t\t<div class=\"elementor-widget-container\">\n\t\t\t\t\t\t\t\t\t<h4>A\u00a0<strong>POWERCONSULT<\/strong>\u00a0trabalha com uma equipe multifuncional, qualificada para desenvolver os mais variados estudos e dar suporte em projetos espec\u00edficos, oferecendo servi\u00e7os com alta qualidade e confiabilidade a pre\u00e7os competitivos.<\/h4><h4>A<strong>\u00a0POWERCONSULT\u00a0<\/strong>tem capacidade e experi\u00eancia para a realiza\u00e7\u00e3o das seguintes atividades:<\/h4><ul><li><h4><em>Desenvolvimento de neg\u00f3cios nas \u00e1reas de gera\u00e7\u00e3o, transmiss\u00e3o e distribui\u00e7\u00e3o e comercializa\u00e7\u00e3o de energia el\u00e9trica.<\/em><\/h4><\/li><li><h4><em>An\u00e1lise do mercado de energia el\u00e9trica (consumo, crescimento da carga, consumidores) e planejamento energ\u00e9tico (avalia\u00e7\u00e3o de recursos, dimensionamento, competitividade).<\/em><\/h4><\/li><li><h4><em>Defini\u00e7\u00e3o das informa\u00e7\u00f5es b\u00e1sicas necess\u00e1rias para a completa defini\u00e7\u00e3o do projeto, incluindo estudos de viabilidade t\u00e9cnica, econ\u00f4mica e financeira para projetos selecionados (an\u00e1lise custo\/benef\u00edcio).<\/em><\/h4><\/li><li><h4><em>Estabelecimento do modelo gerencial que melhor se adapta \u00e0s condi\u00e7\u00f5es peculiares de cada projeto para a participa\u00e7\u00e3o de investidores em processos de autoriza\u00e7\u00e3o para produtor independente de energia, licita\u00e7\u00e3o de concess\u00f5es, cons\u00f3rcios\/\u201djoint-ventures\u201d e em ativos a serem privatizados.<\/em><\/h4><\/li><li><h4><em>Apoio nas concess\u00f5es, autoriza\u00e7\u00f5es e nas aprova\u00e7\u00f5es\/licen\u00e7as regulat\u00f3rias para a constru\u00e7\u00e3o e opera\u00e7\u00e3o de usinas e linhas de transmiss\u00e3o, conforme requerido pelas ag\u00eancias regulat\u00f3rias, concession\u00e1rias locais, \u00f3rg\u00e3os ambientais, munic\u00edpios, estados e governo.<\/em><\/h4><\/li><li><h4><em>Elabora\u00e7\u00e3o de estudos de engenharia nas \u00e1reas de gera\u00e7\u00e3o, transmiss\u00e3o (HVAC e HVDC) e distribui\u00e7\u00e3o, incluindo: fluxo de pot\u00eancia, gerenciamento da carga, conserva\u00e7\u00e3o de energia, curto-circuito, estabilidade, religamento, energiza\u00e7\u00e3o, rejei\u00e7\u00e3o de carga, esquemas especiais de prote\u00e7\u00e3o, coordena\u00e7\u00e3o de isolamento, sobretens\u00f5es, harm\u00f4nicos, modelagem de esquemas de controle, fator de pot\u00eancia, tarifas na transmiss\u00e3o, aterramento etc.<\/em><\/h4><\/li><li><h4><em>Desenvolvimento de estudos na \u00e1rea de transmiss\u00e3o em corrente cont\u00ednua.<\/em><\/h4><\/li><li><h4><em>Desenvolvimento de Projetos B\u00e1sico e Executivo de linhas de transmiss\u00e3o e subesta\u00e7\u00f5es<\/em><\/h4><\/li><li><h4><em>Otimiza\u00e7\u00e3o de linhas de transmiss\u00e3o com a utiliza\u00e7\u00e3o de torres compactas e feixe expandido \u2013 conceito de HSIL \u2013 High Surge Impedance Loading (LPNE e FEX \u2013 Feixe Expandido).<\/em><\/h4><\/li><li><h4><em>Desenvolvimento de estudos e pesquisas socioambientais em geral, estudos e pesquisas exigidos nos processos de licenciamento ambiental, estudos e pesquisas exigidos nos processos de licenciamento arqueol\u00f3gico, gerenciamento ambiental de projetos (etapa de planejamento, constru\u00e7\u00e3o e opera\u00e7\u00e3o), coordena\u00e7\u00e3o de equipes de campo multidisciplinares, bem como, gest\u00e3o institucional de licenciamentos, permiss\u00f5es e autoriza\u00e7\u00f5es.<\/em><\/h4><\/li><li><h4><em>Treinamento e desenvolvimento nas \u00e1reas t\u00e9cnica e gerencial para a melhoria do desempenho de empresas de energia.<\/em><\/h4><\/li><\/ul>\t\t\t\t\t\t\t\t<\/div>\n\t\t\t\t<\/div>\n\t\t\t\t<div class=\"elementor-element elementor-element-3fcc273 elementor-widget elementor-widget-spacer\" data-id=\"3fcc273\" data-element_type=\"widget\" data-e-type=\"widget\" data-widget_type=\"spacer.default\">\n\t\t\t\t<div class=\"elementor-widget-container\">\n\t\t\t\t\t\t\t<div class=\"elementor-spacer\">\n\t\t\t<div class=\"elementor-spacer-inner\"><\/div>\n\t\t<\/div>\n\t\t\t\t\t\t<\/div>\n\t\t\t\t<\/div>\n\t\t\t\t\t<\/div>\n\t\t<\/div>\n\t\t\t\t\t<\/div>\n\t\t<\/section>\n\t\t\t\t<\/div>\n\t\t","protected":false},"excerpt":{"rendered":"<p>POWERCONSULT\u00a0works with a multi functional team qualified to develop a wide variety of studies and support on specific projects offering services with high quality and reliability at competitive costs. POWERCONSULT\u00a0has capacity and experience to perform the following activities: Development of business in the areas of generation, transmission, distribution and commercialization&#8230;<\/p>\n","protected":false},"author":1,"featured_media":0,"parent":0,"menu_order":0,"comment_status":"closed","ping_status":"closed","template":"elementor_header_footer","meta":{"_joinchat":[],"footnotes":""},"class_list":["post-31","page","type-page","status-publish","hentry"],"aioseo_notices":[],"_links":{"self":[{"href":"https:\/\/powerconsult.com.br\/site\/wp-json\/wp\/v2\/pages\/31","targetHints":{"allow":["GET"]}}],"collection":[{"href":"https:\/\/powerconsult.com.br\/site\/wp-json\/wp\/v2\/pages"}],"about":[{"href":"https:\/\/powerconsult.com.br\/site\/wp-json\/wp\/v2\/types\/page"}],"author":[{"embeddable":true,"href":"https:\/\/powerconsult.com.br\/site\/wp-json\/wp\/v2\/users\/1"}],"replies":[{"embeddable":true,"href":"https:\/\/powerconsult.com.br\/site\/wp-json\/wp\/v2\/comments?post=31"}],"version-history":[{"count":25,"href":"https:\/\/powerconsult.com.br\/site\/wp-json\/wp\/v2\/pages\/31\/revisions"}],"predecessor-version":[{"id":1347,"href":"https:\/\/powerconsult.com.br\/site\/wp-json\/wp\/v2\/pages\/31\/revisions\/1347"}],"wp:attachment":[{"href":"https:\/\/powerconsult.com.br\/site\/wp-json\/wp\/v2\/media?parent=31"}],"curies":[{"name":"wp","href":"https:\/\/api.w.org\/{rel}","templated":true}]}}